{"id":3327,"date":"2018-11-14T12:07:43","date_gmt":"2018-11-14T12:07:43","guid":{"rendered":"http:\/\/christmasmarket.ee\/?page_id=3327"},"modified":"2025-11-25T05:54:39","modified_gmt":"2025-11-25T05:54:39","slug":"tallinnan-joulutori","status":"publish","type":"page","link":"https:\/\/christmasmarket.ee\/fi\/","title":{"rendered":"Tallinnan Joulutori"},"content":{"rendered":"<div class=\"wpb-content-wrapper\"><p>[vc_row full_width=&#8221;stretch_row_content&#8221; full_height=&#8221;yes&#8221; content_placement=&#8221;middle&#8221; bg_type=&#8221;image&#8221; parallax_style=&#8221;vcpb-default&#8221; bg_image_new=&#8221;id^2189|url^http:\/\/christmasmarket.ee\/2018\/wp-content\/uploads\/2018\/11\/Estonia-001.jpg|caption^null|alt^null|title^Estonia 001|description^null&#8221; bg_image_repeat=&#8221;no-repeat&#8221; bg_img_attach=&#8221;fixed&#8221; parallax_content=&#8221;parallax_content_value&#8221; parallax_content_sense=&#8221;30&#8243; enable_overlay=&#8221;enable_overlay_value&#8221; overlay_color=&#8221;rgba(27,21,74,0.5)&#8221; css=&#8221;.vc_custom_1541157151906{background-position: 0 0 !important;background-repeat: no-repeat !important;}&#8221;][vc_column][vc_single_image image=&#8221;3328&#8243; img_size=&#8221;750&#215;446&#8243; alignment=&#8221;center&#8221;]<div class=\"vlthemes_custom_69d62ee1bc44b   vlt-section-title text-center\"><h2 style=\"color:#ffffff;\">21.11 \u2013 28.12.2025<\/h2><p style=\"color:#ffffff;\">RAATIHUONEEN TORI<\/p><\/div>[\/vc_column][\/vc_row][vc_row css=&#8221;.vc_custom_1542179693560{padding-top: 75px !important;padding-bottom: 25px !important;background-color: #ffffff !important;}&#8221;][vc_column][vc_column_text css=&#8221;&#8221;]<\/p>\n<h3 style=\"text-align: center;\">Tallinnan joulutori Raatihuoneenaukiolla toivottaa tervetulleeksi joulumaailmaan!<\/h3>\n<p>[\/vc_column_text][\/vc_column][\/vc_row][vc_row gap=&#8221;35&#8243; css=&#8221;.vc_custom_1728630330765{padding-top: 25px !important;padding-bottom: 25px !important;background-color: #ffffff !important;}&#8221;][vc_column width=&#8221;2\/3&#8243;][vc_column_text css=&#8221;&#8221;]<\/p>\n<h4>Jo 25 vuotta joulutarinoita Tallinnan syd\u00e4mess\u00e4!<\/h4>\n<p>Tallinnan keskiaikaisen vanhankaupungin syd\u00e4mess\u00e4 sijaitseva Raatihuoneen aukio muuttuu 21. marraskuuta j\u00e4lleen joulun satumaailmaksi: perinteinen Tallinnan joulutori avataan jo 25. kerran. Viimeisen nelj\u00e4nnesvuosisadan aikana Tallinnan joulutorista on tullut perheiden, sukulaisten ja yst\u00e4vien s\u00e4\u00e4nn\u00f6llinen kohtaamispaikka, koska t\u00e4\u00e4ll\u00e4 on aina jotain tuttua ja jotain uutta l\u00f6ydett\u00e4v\u00e4\u00e4. T\u00e4ll\u00e4 kertaa vuosisatoja vanhalle Raatihuoneen talolle luodaan uusi julkisivun valaistus yhteisty\u00f6ss\u00e4 kansainv\u00e4listen valaistussuunnittelun asiantuntijoiden kanssa.<\/p>\n<p>Upea 14-metrinen joulukuusi saadaan t\u00e4n\u00e4 vuonna Kohilan pit\u00e4j\u00e4st\u00e4. Kuusen ymp\u00e4rill\u00e4 sijaitsevat kirkkaasti valaistut kojut tarjoavat perinteisesti aitoja makuja ja syd\u00e4mell\u00e4 tehtyj\u00e4 lahjoja. Erityist\u00e4 huomiota on kiinnitetty paikallisten suunnittelijoiden ja k\u00e4sity\u00f6l\u00e4isten t\u00f6ihin. Tarjolla on upeita tuotteita, kuten ainutlaatuisen muotoisia kynttil\u00f6it\u00e4, muodikkaita joulukoristeita, l\u00e4mpimi\u00e4 koiran- ja alpakavillaisia sukkia sek\u00e4 tietysti perinteisi\u00e4 villapaitoja, myssyj\u00e4 ja hattuja. Ensimm\u00e4ist\u00e4 kertaa avataan Kanelan design ja lahjat (Kanela Disain ja Kingitused) -kioski, jossa on esill\u00e4 my\u00f6s muiden taiteilijoiden tuotteita (\u00d6\u00f6helk, SEIK, Hilpharakas jne.).<\/p>\n<p>Makeakoju tarjoaa makuja, jotka saavat sinut palaamaan joulutorille joka vuosi: tuoreita kaneli- ja kardemummapullia, taiteellisia piparkakkuja ja muita jouluherkkuja. My\u00f6s muissa kojuissa on tarjolla makeita herkkuja, kuten tikkareita ja rahkapalloja, ohukaisia ja k\u00e4sintehtyj\u00e4 tryffeleit\u00e4 sek\u00e4 tietysti paljon k\u00e4sintehtyj\u00e4 piparkakkuja.<\/p>\n<p>Ensimm\u00e4ist\u00e4 kertaa koskaan voi piparkakut \u201dher\u00e4tt\u00e4\u00e4 henkiin\u201d. Piparkakkujen kuvat her\u00e4\u00e4v\u00e4t eloon. Etsi ne!<\/p>\n<p>Tallinnan joulutorilla on Euroopan laajin valikoima gl\u00f6gi\u00e4! T\u00e4\u00e4ll\u00e4 voit maistella kymmeni\u00e4 erilaisia lajikkeita, kuten suosittua karpalo-kirsikka-gl\u00f6gi\u00e4, erityist\u00e4 setukaisten vadelma-mustaherukka-gl\u00f6gi\u00e4 tai jopa kurpitsagl\u00f6gi\u00e4. Gl\u00f6gi\u00e4 on saatavana alkoholilla tai ilman. Lis\u00e4ksi voit ensimm\u00e4ist\u00e4 kertaa maistella keskiaikaisen reseptin mukaan valmistettua gl\u00f6gi\u00e4 \u2013 Hippocrasia.<\/p>\n<p>Raatihuoneen aukiolla levi\u00e4\u00e4 tuttu joulun tuoksu. Paikan p\u00e4\u00e4ll\u00e4 valmistetaan perinteisi\u00e4 jouluherkkuja \u2013 hapankaalia, kuumia verimakkaroita ja mehukkaita joulupaisteja. Herkuttelijoille tarjotaan hirvenlihamakkaraa, lampaanlihapy\u00f6ryk\u00f6it\u00e4, ankan confit\u2019ia ja hitaasti kypsennetty\u00e4 porsaan kylke\u00e4. Kaikkia ruokia voi ostaa mukaan tai nauttia paikan p\u00e4\u00e4ll\u00e4.<\/p>\n<p>Ymp\u00e4rist\u00f6yst\u00e4v\u00e4llinen ajattelutapa vallitsee joulutorilla t\u00e4n\u00e4kin vuonna \u2013 k\u00e4yt\u00f6ss\u00e4 ovat taas uudelleenk\u00e4ytett\u00e4v\u00e4t astiat. Astioiden pantti on kaksi euroa, mutta kun palautat astiat ker\u00e4yspisteeseen, saat panttisumman takaisin t\u00e4ysim\u00e4\u00e4r\u00e4isen\u00e4.<\/p>\n<p>Tallinnan joulutori avataan 21. marraskuuta klo 18. Avajaispuheen pit\u00e4\u00e4 Tallinnan keskikaupungin johtaja Ahti Kallikorm. Puheen j\u00e4lkeen sytytet\u00e4\u00e4n kaupungin t\u00e4rkeimm\u00e4n joulukuusen jouluvalot. Juhlallisessa avajaiskonsertissa esiintyy hopeisella \u00e4\u00e4nell\u00e4\u00e4n Kadri Voorand Viron suojeluskunnan jazzorkesterin s\u00e4est\u00e4m\u00e4n\u00e4, sek\u00e4 harrastekerho Kullon S\u00f5leke-tanssiryhm\u00e4. Illan juontajana toimii Priit Volmer.<\/p>\n<p>Adventin ensimm\u00e4isen\u00e4 sunnuntaina 30. marraskuuta Tallinnan pormestari Jevgeni Ossinovski ja dekaani Arho Tuhkru julistavat adventtiajan juhlallisesti alkaneeksi. Adventtikynttil\u00e4 sytytet\u00e4\u00e4n yhdess\u00e4 Tallinnan kirkkojen yhteiskuoron ja Tallinnan kamarikuoron hartaiden joululaulujen saattamana.<br \/>\nSamana p\u00e4iv\u00e4n\u00e4 my\u00f6s joulupukki avaa kodikkaan m\u00f6kkins\u00e4 ovet \u2013 t\u00e4\u00e4ll\u00e4 h\u00e4n toivottaa lapset tervetulleiksi joka p\u00e4iv\u00e4 klo 12\u201318. Joulurunon lausujat saavat joulupukilta herkkuja! Perheen pienimmille on joulutorilla kolme perinteist\u00e4 kaikkien rakastamaa karusellia.<\/p>\n<p>Joulutorin vieress\u00e4 sijaitseva Hopnerin talo (Hopneri Maja) j\u00e4rjest\u00e4\u00e4 jokaisena adventtisunnuntaina klo 15 k\u00e4velykierroksen sadunomaisilla sis\u00e4pihoilla tarinankertojan kanssa. Osallistuaksesi t\u00e4h\u00e4n j\u00e4nnitt\u00e4v\u00e4\u00e4n tapahtumaan, sinun on ostettava lippu etuk\u00e4teen.<\/p>\n<p>Seikkailuyritys 360 KRAADI on ensimm\u00e4ist\u00e4 kertaa mukana joulutorilla ja j\u00e4rjest\u00e4\u00e4 seikkailullisia kaupunkikierroksia vanhassakaupungissa. Lis\u00e4tietoja l\u00f6yd\u00e4t osoitteesta <a href=\"https:\/\/360.ee\/\" target=\"_blank\" rel=\"noopener\">360.ee<\/a>.<\/p>\n<p>Tallinnan joulutorin lavalla on j\u00e4lleen tarjolla monipuolinen kulttuuriohjelma. Perjantaisin, lauantaisin ja sunnuntaisin lavalla esiintyy useita tunnettuja ryhmi\u00e4 ja artisteja, kuten kansantanssiryhm\u00e4t S\u00f5leke, Tuisuline ja Kullaketrajad sek\u00e4 nykytanssiryhm\u00e4t ETA:n tanssikoulu, JJ Street ja TantsuGeen. My\u00f6s monet muut joulutorin vierailijoiden vanhat suosikit ovat mukana, kuten lastenkuoro Ellerhein ja Inger yhdess\u00e4 Free Flow:n tanssijoiden kanssa! Ison-Britannian Household Division Specialist Contemporary Band esiintyy vierailevana artistina 18. joulukuuta. Ohjelmaa ja tapahtumia juontavat tutut joulupukit \u00c4ffy ja Arlet. Lis\u00e4tietoja saat joulutorin ohjelmasta.<\/p>\n<p>Tallinnan joulutori on avoinna 28. joulukuuta iltaan asti, mutta jouluinen satumaailma ei p\u00e4\u00e4ty siihen: joulukuusi pysyy Raatihuoneen aukiolla viel\u00e4 useita viikkoja, ja tarina jatkuu joulukoristeiden somistamassa vanhassakaupungissa! Vapauden aukiolla j\u00e4rjestet\u00e4\u00e4n 31. joulukuuta hauska uudenvuoden konsertti ja Harju-kadun luistelukent\u00e4ll\u00e4 voi nauttia talven iloista kev\u00e4\u00e4seen asti.<\/p>\n<p>Tuo yst\u00e4v\u00e4si ja perheesi mukaan ja tule osaksi jouluista satua Tallinnan syd\u00e4mess\u00e4!<\/p>\n<p>Joulutori on avoinna joka p\u00e4iv\u00e4 klo 10\u201320. L\u00e4mpimi\u00e4 juomia on saatavilla klo 22 asti, perjantaisin ja lauantaisin klo 23 asti.[\/vc_column_text][\/vc_column][vc_column width=&#8221;1\/3&#8243;][vc_row_inner css=&#8221;.vc_custom_1541669005479{padding-top: 50px !important;padding-right: 20px !important;padding-bottom: 50px !important;padding-left: 20px !important;background-color: #5bc4bf !important;}&#8221;][vc_column_inner][vc_column_text css=&#8221;&#8221; el_class=&#8221;white&#8221;]<\/p>\n<h4 style=\"text-align: center;\">Joulutori Tallinnan Raatihuoneenaukiolla 21.11.\u2013 28.12.2025<\/h4>\n<p style=\"text-align: center;\">Avoinna joka p\u00e4iv\u00e4 klo 10\u201320<br \/>\nL\u00e4mpimi\u00e4 juomia klo 22 saakka, pe-la klo 23 saakka<\/p>\n<p>[\/vc_column_text][\/vc_column_inner][\/vc_row_inner]<div class=\"vlthemes_custom_69d62ee1bc4a8   vc_custom_1542040493271 vlt-social-icons text-center\"><a href=\"https:\/\/www.facebook.com\/jouluturg\" title=\"https:\/\/www.facebook.com\/jouluturg\" target=\"_blank\" class=\" vlt-social-icon vlt-social-icon--style-4 fa fa-facebook\"><i class=\"fa fa-facebook\"><\/i><\/a><a href=\"https:\/\/www.instagram.com\/tallinnchristmasmarket\/\" title=\"https:\/\/www.instagram.com\/tallinnchristmasmarket\/\" target=\"_blank\" class=\" vlt-social-icon vlt-social-icon--style-4 fa fa-instagram\"><i class=\"fa fa-instagram\"><\/i><\/a><\/div>[vc_row_inner][vc_column_inner][vc_empty_space][vc_single_image image=&#8221;3439&#8243; img_size=&#8221;medium&#8221; alignment=&#8221;center&#8221; onclick=&#8221;custom_link&#8221; img_link_target=&#8221;_blank&#8221; css_animation=&#8221;bounceIn&#8221; link=&#8221;https:\/\/www.europeanbestdestinations.com\/christmas-markets\/&#8221;][\/vc_column_inner][\/vc_row_inner][\/vc_column][\/vc_row][vc_row full_width=&#8221;stretch_row&#8221; css=&#8221;.vc_custom_1764049936392{padding-top: 75px !important;padding-bottom: 75px !important;background-color: #f7f7f7 !important;}&#8221;][vc_column][vc_column_text]<\/p>\n<h3 style=\"text-align: center;\">Kulttuuriohjelmaa<\/h3>\n<p>[\/vc_column_text][vc_row_inner][vc_column_inner width=&#8221;1\/3&#8243;][vc_column_text css=&#8221;&#8221;]<strong>21. marraskuuta<\/strong><br \/>\n18:00 Joulutorin avajaiset, Tallinnan keskustan kaupunginosan johtaja Ahti Kallikormin avajaispuhe, joulukuusen valojen sytytt\u00e4minen<br \/>\n18:00 Kadri Voorand ja Viron suojeluskunnan Big Band<br \/>\n18:45 Kullon tanssiryhm\u00e4 S\u00f5leke<br \/>\nIllan juontaa Priit Volmer<\/p>\n<p><strong>22. marraskuuta<\/strong><br \/>\n15:00 Harrastekoulu Tantsustaar<br \/>\n15:45 Kansantanssiryhm\u00e4 Tantsusarvikud<br \/>\n16:30 Harrastekoulu Kullo KT Stuudio<br \/>\nIllan juontaa joulupukki \u00c4ffy<\/p>\n<p><strong>23. marraskuuta<\/strong><br \/>\n12:00 Tallinnan 32. keskikoulun kansantanssiryhm\u00e4t Tulilinnud ja Tantsutahe<br \/>\n12:30 Tanssiryhm\u00e4 Good Girls<br \/>\n12:45 TTK:n tanssiryhm\u00e4 Savijalakesed<br \/>\nIllan juontaa joulupukki Arlet<\/p>\n<p><strong>28. marraskuuta<\/strong><br \/>\n17:00 ETA:n tanssikoulun tanssiryhm\u00e4t<br \/>\n17:45 Zahiran tanssiryhm\u00e4t<br \/>\n18:30 Kansantanssiryhm\u00e4 Laagri Leegid ja Vasalemman kansantanssiryhm\u00e4 Lepalind<br \/>\nIllan juontaa joulupukki \u00c4ffy<\/p>\n<p><strong>29. marraskuuta<\/strong><br \/>\n17:00 Tallinnan palokuntaseuran puhallinyhtye Pritsu Brass<br \/>\n17:45 Carolinan tanssistudio<br \/>\n18:30 Tanssiseura As-San kansantanssiryhm\u00e4t<br \/>\nIllan juontaa joulupukki \u00c4ffy<\/p>\n<p><strong>30. marraskuuta I ADVENTTI<\/strong><br \/>\n16:00 Adventtikynttil\u00e4n sytytt\u00e4minen<br \/>\nTallinnan kaupunginjohtaja Jevgeni Ossinovskin ja tuomiorovasti Arho Tuhkrun tervehdyspuheet.<br \/>\nEsiintyv\u00e4t EELK Tallinnan Kaarlen kirkon konserttikuoro ja kamarikuoro Canorus, Johanneksen kirkon sekakuoro ja kamarikuoro Aktiva, Pyh\u00e4n Hengen kirkon kamarikuoro, Tuomiokirkon sekakuoro Laudate Dominum, Peetelin kirkon kamarikuoro, L\u00e4hetyskuoro ja Tallinnan kamarikuoro.<\/p>\n<p><strong>5. joulukuuta<\/strong><br \/>\n20:00 Tanssi- ja mallikoulu Sixtina<br \/>\n20:45 Maia Matserat<br \/>\n21:00 Latinalainen showryhm\u00e4 Panter<br \/>\nIllan juontaa joulupukki \u00c4ffy[\/vc_column_text][\/vc_column_inner][vc_column_inner width=&#8221;1\/3&#8243;][vc_column_text css=&#8221;&#8221;]<strong>6. joulukuuta<\/strong><br \/>\n17:00 Taisin laululapset<br \/>\n17:45 N\u00f5mmen kulttuurikeskuksen tytt\u00f6jen kansantanssiryhm\u00e4 N\u00f5mme Marid<br \/>\n18:30 J\u00e4rva-Jaanin tanssiryhm\u00e4t: Tuttuued Naised, J\u00fcrid-Marid ja Pahem on Parem<br \/>\n19:00 Bachata Studio Tallinna, tanssiopettaja Fabian Arocha Albial<br \/>\nIllan juontaa joulupukki \u00c4ffy<\/p>\n<p><strong>7. joulukuuta II ADVENTTI<\/strong><br \/>\n12:00 Tallinnan Raekoor<br \/>\n12:45 Harrastekoulu Kullon Ellerheinin lapsikuoro<br \/>\n13:30 Tallinna metodistikirkon kuoro, johtaja Marten Meibaum<br \/>\n13:55 Adventtisanomaa jakaa Tallinnan metodistiseurakunnan pastori Robert T\u0161erenkov<br \/>\n14:00 Pastori Robert T\u0161erenkov sytytt\u00e4\u00e4 II adventtikynttil\u00e4n<br \/>\nIllan juontaa joulupukki Arlet<\/p>\n<p><strong>12. joulukuuta<\/strong><br \/>\n17:00 Tanssikoulu JJ Street<br \/>\n17:45 ETA:n tanssikoulun tanssiryhm\u00e4t<br \/>\n18:30 Free Flow Studio<br \/>\nIllan juontaa joulupukki \u00c4ffy<\/p>\n<p><strong>13. joulukuuta<\/strong><br \/>\n20:00 Tanssikerhot RosaNegra, RosaVerde, Chavali<br \/>\n20:45 Laulustudio Delight<br \/>\nIllan juontaa joulupukki \u00c4ffy<\/p>\n<p><strong>14. joulukuuta III ADVENTTI<\/strong><br \/>\n12:00 Laulustudio L\u00f5oke ja harrastekoulu Kullon laulustudio Sinilill<br \/>\n12:45 Tanssiryhm\u00e4 Lee<br \/>\n13:30 Tallinnan Toompean helluntaiseurakunnan muusikot<br \/>\n13:55 Adventtisanomaa jakaa Tallinnan Toompean helluntaiseurakunnan pastori Ivo Unt<br \/>\n14:00 Pastori Ivo Unt sytytt\u00e4\u00e4 III adventtikynttil\u00e4n<br \/>\nIllan juontaa joulupukki \u00c4ffy<\/p>\n<p><strong>18. joulukuuta<\/strong><br \/>\n19:00 The Household Division Specialist Contemporary Band (UK)<br \/>\n20:00 Tanssistudio Black &amp; White<br \/>\n20:45 Tanssiryhm\u00e4 Kolgak\u00fcla Lainerid<br \/>\nIllan juontaa joulupukki \u00c4ffy[\/vc_column_text][\/vc_column_inner][vc_column_inner width=&#8221;1\/3&#8243;][vc_column_text css=&#8221;&#8221;]<strong>19. joulukuuta<\/strong><br \/>\n20:00 INGER<br \/>\n20:45 Bachata Studio Tallinn, tanssiopettaja Fabian Arocha Albial<br \/>\nIllan juontaa joulupukki \u00c4ffy<\/p>\n<p><strong>20. joulukuuta<\/strong><br \/>\n14:30 N\u00f5mmen harrastekoulun kerhot<br \/>\n15:15 Tanssi- ja fitnessklubi TantsuGeenin tanssiryhm\u00e4t<br \/>\n16:20 Moottoripy\u00f6r\u00e4ilij\u00f6iden makeistenjakoparaati<br \/>\nIllan juontaa joulupukki \u00c4ffy<\/p>\n<p><strong>21. joulukuuta IV ADVENTTI<\/strong><br \/>\n12:00 Kansantanssiryhm\u00e4 Tuisuline<br \/>\n13:00 Musiikkikerho R\u00f5\u00f5mulapsed<br \/>\n13:30 Tallinnan Olevisten kirkon naiskuoro, johtaja Urve Pihlak<br \/>\n13:55 Adventtisanomaa jakaa Olevisten kirkon pastori \u00dclo Niinem\u00e4gi<br \/>\n14:00 Pastori \u00dclo Niinem\u00e4gi sytytt\u00e4\u00e4 IV adventtikynttil\u00e4n<br \/>\nIllan juontaa joulupukki Arlet<\/p>\n<p><strong>24. joulukuuta<\/strong><br \/>\n12:00 Tallinnan kaupunginjohtaja julistaa joulurauhan<\/p>\n<p><strong>26. joulukuuta<\/strong><br \/>\n17:00 Lasten laulustudio Nupukesed<br \/>\n17:45 Kansantanssiryhm\u00e4t Omatahtsi ja Roosinupukesed<br \/>\n18:30 Tanssistudio Alhambra<br \/>\nIllan juontaa joulupukki \u00c4ffy<\/p>\n<p><strong>27. joulukuuta<\/strong><br \/>\n17:00 Tanssiryhm\u00e4 Kullaketrajad<br \/>\n17:45 Kansantanssiryhm\u00e4 Kuu<br \/>\n18:30 Tanssistudio Dance Hayat<br \/>\nIllan juontaa joulupukki \u00c4ffy<\/p>\n<p><strong>28. joulukuuta<\/strong><br \/>\n12:00 Laulustudio Delight<br \/>\n13:00 Harrastekoulu \u00d5hin<br \/>\n13:30 Kansantanssiryhm\u00e4 Hopsani<br \/>\n14:00 Joulutorin p\u00e4\u00e4tt\u00e4j\u00e4iset<br \/>\nIllan juontaa joulupukki Arlet[\/vc_column_text][\/vc_column_inner][\/vc_row_inner][\/vc_column][\/vc_row][vc_row content_placement=&#8221;middle&#8221; css=&#8221;.vc_custom_1667848291087{padding-top: 0px !important;padding-bottom: 0px !important;}&#8221;][vc_column][vc_gmaps link=&#8221;#E-8_JTNDaWZyYW1lJTIwc3JjJTNEJTIyaHR0cHMlM0ElMkYlMkZ3d3cuZ29vZ2xlLmNvbSUyRm1hcHMlMkZlbWJlZCUzRnBiJTNEJTIxMW0xOCUyMTFtMTIlMjExbTMlMjExZDIxNDkuMDc2MTY5NDExNTElMjEyZDI0Ljc0MjczMTk0NDk5MTA5JTIxM2Q1OS40MzcyMzMwNDMyNTI4NiUyMTJtMyUyMTFmMCUyMTJmMCUyMTNmMCUyMTNtMiUyMTFpMTAyNCUyMTJpNzY4JTIxNGYxMy4xJTIxM20zJTIxMW0yJTIxMXMweDQ2OTI5MzYyMTUxNDAxMGQlMjUzQTB4M2UzN2E3MDI0ZjkwYmJhZSUyMTJzVGFsbGlubiUyNTIwQ2hyaXN0bWFzJTI1MjBNYXJrZXQlMjE1ZTAlMjEzbTIlMjExc2VuJTIxMnNlZSUyMTR2MTY2Nzg0NjQ5MTU0NiUyMTVtMiUyMTFzZW4lMjEyc2VlJTIyJTIwd2lkdGglM0QlMjI2MDAlMjIlMjBoZWlnaHQlM0QlMjI1MDAlMjIlMjBzdHlsZSUzRCUyMmJvcmRlciUzQTAlM0IlMjIlMjBhbGxvd2Z1bGxzY3JlZW4lM0QlMjIlMjIlMjBsb2FkaW5nJTNEJTIybGF6eSUyMiUyMHJlZmVycmVycG9saWN5JTNEJTIybm8tcmVmZXJyZXItd2hlbi1kb3duZ3JhZGUlMjIlM0UlM0MlMkZpZnJhbWUlM0U=&#8221;][\/vc_column][\/vc_row]<\/p>\n<\/div>","protected":false},"excerpt":{"rendered":"<p>[vc_row full_width=&#8221;stretch_row_content&#8221; full_height=&#8221;yes&#8221; content_placement=&#8221;middle&#8221; bg_type=&#8221;image&#8221; parallax_style=&#8221;vcpb-default&#8221; bg_image_new=&#8221;id^2189|url^http:\/\/christmasmarket.ee\/2018\/wp-content\/uploads\/2018\/11\/Estonia-001.jpg|caption^null|alt^null|title^Estonia 001|description^null&#8221; bg_image_repeat=&#8221;no-repeat&#8221; bg_img_attach=&#8221;fixed&#8221; parallax_content=&#8221;parallax_content_value&#8221; parallax_content_sense=&#8221;30&#8243; enable_overlay=&#8221;enable_overlay_value&#8221; overlay_color=&#8221;rgba(27,21,74,0.5)&#8221; css=&#8221;.vc_custom_1541157151906{background-position: 0 0 !important;background-repeat: no-repeat !important;}&#8221;][vc_column][vc_single_image image=&#8221;3328&#8243; img_size=&#8221;750&#215;446&#8243; alignment=&#8221;center&#8221;][\/vc_column][\/vc_row][vc_row css=&#8221;.vc_custom_1542179693560{padding-top: 75px !important;padding-bottom: 25px !important;background-color: #ffffff !important;}&#8221;][vc_column][vc_column_text css=&#8221;&#8221;] Tallinnan joulutori Raatihuoneenaukiolla toivottaa tervetulleeksi joulumaailmaan! [\/vc_column_text][\/vc_column][\/vc_row][vc_row gap=&#8221;35&#8243; css=&#8221;.vc_custom_1728630330765{padding-top: 25px !important;padding-bottom: 25px !important;background-color: #ffffff !important;}&#8221;][vc_column width=&#8221;2\/3&#8243;][vc_column_text css=&#8221;&#8221;] Jo 25 vuotta joulutarinoita Tallinnan syd\u00e4mess\u00e4! Tallinnan [&hellip;]<\/p>\n","protected":false},"author":1,"featured_media":3298,"parent":0,"menu_order":0,"comment_status":"closed","ping_status":"closed","template":"template-custom-page.php","meta":{"footnotes":""},"class_list":["post-3327","page","type-page","status-publish","has-post-thumbnail","hentry"],"_links":{"self":[{"href":"https:\/\/christmasmarket.ee\/fi\/wp-json\/wp\/v2\/pages\/3327","targetHints":{"allow":["GET"]}}],"collection":[{"href":"https:\/\/christmasmarket.ee\/fi\/wp-json\/wp\/v2\/pages"}],"about":[{"href":"https:\/\/christmasmarket.ee\/fi\/wp-json\/wp\/v2\/types\/page"}],"author":[{"embeddable":true,"href":"https:\/\/christmasmarket.ee\/fi\/wp-json\/wp\/v2\/users\/1"}],"replies":[{"embeddable":true,"href":"https:\/\/christmasmarket.ee\/fi\/wp-json\/wp\/v2\/comments?post=3327"}],"version-history":[{"count":5,"href":"https:\/\/christmasmarket.ee\/fi\/wp-json\/wp\/v2\/pages\/3327\/revisions"}],"predecessor-version":[{"id":13731,"href":"https:\/\/christmasmarket.ee\/fi\/wp-json\/wp\/v2\/pages\/3327\/revisions\/13731"}],"wp:featuredmedia":[{"embeddable":true,"href":"https:\/\/christmasmarket.ee\/fi\/wp-json\/wp\/v2\/media\/3298"}],"wp:attachment":[{"href":"https:\/\/christmasmarket.ee\/fi\/wp-json\/wp\/v2\/media?parent=3327"}],"curies":[{"name":"wp","href":"https:\/\/api.w.org\/{rel}","templated":true}]}}